{"id":1208,"date":"2026-02-02T23:35:16","date_gmt":"2026-02-02T21:35:16","guid":{"rendered":"https:\/\/dpbh11.de\/wp\/?page_id=1208"},"modified":"2026-02-02T23:35:16","modified_gmt":"2026-02-02T21:35:16","slug":"kinderschutzkonzept","status":"publish","type":"page","link":"https:\/\/dpbh11.de\/wp\/?page_id=1208","title":{"rendered":"Kinderschutzkonzept"},"content":{"rendered":"\n<p class=\"has-text-align-center\"><strong>\u201eHinsehen statt wegsehen, Handeln statt schweigen\u201c<\/strong><\/p>\n\n\n\n<p>Bei uns steht das Wohl und die Sicherheit der Kinder und Jugendlichen an erster Stelle. Wir m\u00f6chten eine Umgebung schaffen, in der sich alle Kinder und Jugendlichen sowie Erwachsene wohl, gesch\u00fctzt und respektiert f\u00fchlen. Deshalb setzen wir uns aktiv daf\u00fcr ein, sexualisierte Gewalt zu verhindern und Missbrauch fr\u00fchzeitig zu erkennen.<br>Gemeinsam mit allen Mitgliedern, Eltern und Leitungspers\u00f6nlichkeiten arbeiten wir daran, Kinder und Jugendliche bestm\u00f6glich zu sch\u00fctzen und ihnen eine positive Erfahrung in unserer Gemeinschaft zu erm\u00f6glichen.<br><\/p>\n\n\n\n<div data-wp-interactive=\"core\/file\" class=\"wp-block-file\"><object data-wp-bind--hidden=\"!state.hasPdfPreview\" hidden class=\"wp-block-file__embed\" data=\"https:\/\/dpbh11.de\/wp\/wp-content\/uploads\/2026\/02\/Kinderschutzkonzept-im-DPBH.docx-2.pdf\" type=\"application\/pdf\" style=\"width:100%;height:600px\" aria-label=\"Einbettung von Kinderschutzkonzept im DPBH.docx.\"><\/object><a id=\"wp-block-file--media-2d93c3b1-de60-481f-8142-d2adae568588\" href=\"https:\/\/dpbh11.de\/wp\/wp-content\/uploads\/2026\/02\/Kinderschutzkonzept-im-DPBH.docx-2.pdf\">Kinderschutzkonzept im DPBH.docx<\/a><a href=\"https:\/\/dpbh11.de\/wp\/wp-content\/uploads\/2026\/02\/Kinderschutzkonzept-im-DPBH.docx-2.pdf\" class=\"wp-block-file__button wp-element-button\" download aria-describedby=\"wp-block-file--media-2d93c3b1-de60-481f-8142-d2adae568588\">Herunterladen<\/a><\/div>\n","protected":false},"excerpt":{"rendered":"<p>\u201eHinsehen statt wegsehen, Handeln statt schweigen\u201c Bei uns steht das Wohl und die Sicherheit der Kinder und Jugendlichen an erster Stelle. Wir m\u00f6chten eine Umgebung schaffen, in der sich alle Kinder und Jugendlichen sowie Erwachsene wohl, gesch\u00fctzt und respektiert f\u00fchlen. Deshalb setzen wir uns aktiv daf\u00fcr ein, sexualisierte Gewalt zu verhindern und Missbrauch fr\u00fchzeitig zu &hellip; <a href=\"https:\/\/dpbh11.de\/wp\/?page_id=1208\" class=\"more-link\"><span class=\"screen-reader-text\">Kinderschutzkonzept<\/span> weiterlesen <span class=\"meta-nav\">&rarr;<\/span><\/a><\/p>\n","protected":false},"author":1,"featured_media":0,"parent":0,"menu_order":0,"comment_status":"closed","ping_status":"closed","template":"","meta":{"footnotes":""},"class_list":["post-1208","page","type-page","status-publish","hentry"],"_links":{"self":[{"href":"https:\/\/dpbh11.de\/wp\/index.php?rest_route=\/wp\/v2\/pages\/1208","targetHints":{"allow":["GET"]}}],"collection":[{"href":"https:\/\/dpbh11.de\/wp\/index.php?rest_route=\/wp\/v2\/pages"}],"about":[{"href":"https:\/\/dpbh11.de\/wp\/index.php?rest_route=\/wp\/v2\/types\/page"}],"author":[{"embeddable":true,"href":"https:\/\/dpbh11.de\/wp\/index.php?rest_route=\/wp\/v2\/users\/1"}],"replies":[{"embeddable":true,"href":"https:\/\/dpbh11.de\/wp\/index.php?rest_route=%2Fwp%2Fv2%2Fcomments&post=1208"}],"version-history":[{"count":1,"href":"https:\/\/dpbh11.de\/wp\/index.php?rest_route=\/wp\/v2\/pages\/1208\/revisions"}],"predecessor-version":[{"id":1210,"href":"https:\/\/dpbh11.de\/wp\/index.php?rest_route=\/wp\/v2\/pages\/1208\/revisions\/1210"}],"wp:attachment":[{"href":"https:\/\/dpbh11.de\/wp\/index.php?rest_route=%2Fwp%2Fv2%2Fmedia&parent=1208"}],"curies":[{"name":"wp","href":"https:\/\/api.w.org\/{rel}","templated":true}]}}