{"id":154,"date":"2014-07-15T15:03:41","date_gmt":"2014-07-15T13:03:41","guid":{"rendered":"http:\/\/dpbh11.de\/wp\/?page_id=154"},"modified":"2016-04-16T13:32:56","modified_gmt":"2016-04-16T11:32:56","slug":"smartphone-app","status":"publish","type":"page","link":"https:\/\/dpbh11.de\/wp\/?page_id=154","title":{"rendered":"Smartphone-App"},"content":{"rendered":"<p><span class=\"userContent\">Gut Pfad,<\/span><\/p>\n<p>die Bundesleitung m\u00f6chte den Informationsfluss optimieren und alle Mitglieder, Freunde und F\u00f6rderer verst\u00e4rkt am Vereinsleben teilnehmen lassen.<\/p>\n<p>Geb\u00fcndelt und auch ohne Facebook-Account zug\u00e4ngig &#8211; das ist die Smartphon<span class=\"text_exposed_show\">e-App des DPB\/H gegr. 1911!\u00a0Aktuelle Termine oder brandneue News direkt\u00a0auf einen Blick.<\/span><\/p>\n<p>Seit April\u00a02016 ist sie auch wieder in den beiden gro\u00dfen Stores vertreten (Android &amp; iOS). Einfach nach <em>&#8222;Deutscher Pfadfinderbund Hohenstaufen&#8220;<\/em> suchen, installieren und\u00a0sich automatisch per Pushnachricht \u00fcber Neuigkeiten unseres Bundes informieren lassen!<\/p>\n<p>Alternativ kann die Android-Version \u00fcber folgenden Link auch manuell gedownloadet und installiert werden:<\/p>\n<p><a title=\"Smartphone-App\" href=\"http:\/\/www.dpbh11.de\/app\/dpbh1911.apk\">&#8222;DPB\/H gegr. 1911-APP&#8220;<\/a><\/p>\n<p>Wir w\u00fcnschen viel Spa\u00df,<\/p>\n<p>eure Bundesleitung.<\/p>\n<p>&nbsp;<\/p>\n","protected":false},"excerpt":{"rendered":"<p>Gut Pfad, die Bundesleitung m\u00f6chte den Informationsfluss optimieren und alle Mitglieder, Freunde und F\u00f6rderer verst\u00e4rkt am Vereinsleben teilnehmen lassen. Geb\u00fcndelt und auch ohne Facebook-Account zug\u00e4ngig &#8211; das ist die Smartphone-App des DPB\/H gegr. 1911!\u00a0Aktuelle Termine oder brandneue News direkt\u00a0auf einen Blick. Seit April\u00a02016 ist sie auch wieder in den beiden gro\u00dfen Stores vertreten (Android &amp; &hellip; <a href=\"https:\/\/dpbh11.de\/wp\/?page_id=154\" class=\"more-link\"><span class=\"screen-reader-text\">Smartphone-App<\/span> weiterlesen <span class=\"meta-nav\">&rarr;<\/span><\/a><\/p>\n","protected":false},"author":1,"featured_media":0,"parent":0,"menu_order":0,"comment_status":"open","ping_status":"open","template":"","meta":{"footnotes":""},"class_list":["post-154","page","type-page","status-publish","hentry"],"_links":{"self":[{"href":"https:\/\/dpbh11.de\/wp\/index.php?rest_route=\/wp\/v2\/pages\/154","targetHints":{"allow":["GET"]}}],"collection":[{"href":"https:\/\/dpbh11.de\/wp\/index.php?rest_route=\/wp\/v2\/pages"}],"about":[{"href":"https:\/\/dpbh11.de\/wp\/index.php?rest_route=\/wp\/v2\/types\/page"}],"author":[{"embeddable":true,"href":"https:\/\/dpbh11.de\/wp\/index.php?rest_route=\/wp\/v2\/users\/1"}],"replies":[{"embeddable":true,"href":"https:\/\/dpbh11.de\/wp\/index.php?rest_route=%2Fwp%2Fv2%2Fcomments&post=154"}],"version-history":[{"count":4,"href":"https:\/\/dpbh11.de\/wp\/index.php?rest_route=\/wp\/v2\/pages\/154\/revisions"}],"predecessor-version":[{"id":424,"href":"https:\/\/dpbh11.de\/wp\/index.php?rest_route=\/wp\/v2\/pages\/154\/revisions\/424"}],"wp:attachment":[{"href":"https:\/\/dpbh11.de\/wp\/index.php?rest_route=%2Fwp%2Fv2%2Fmedia&parent=154"}],"curies":[{"name":"wp","href":"https:\/\/api.w.org\/{rel}","templated":true}]}}