{"id":240,"date":"2015-01-12T15:22:12","date_gmt":"2015-01-12T13:22:12","guid":{"rendered":"http:\/\/dpbh11.de\/wp\/?page_id=240"},"modified":"2017-01-03T13:43:26","modified_gmt":"2017-01-03T11:43:26","slug":"gruendungsfeier-2015","status":"publish","type":"page","link":"https:\/\/dpbh11.de\/wp\/?page_id=240","title":{"rendered":"Gr\u00fcndungsfeier 2017"},"content":{"rendered":"<p>An alle Pfadfinder unseres Bundes,<\/p>\n<p>Nachdem uns die vergangene Gr\u00fcndungsfeier im gro\u00dfen Rahmen vor zwei Jahren ein paar sch\u00f6ne Stunden in der Alten Scheuer in\u00a0Degerloch beschert hat, verschl\u00e4gt es uns dieses Jahr nach Waldenbuch auf die Jungviehweide.<\/p>\n<p>Rundschreiben:<\/p>\n<p><a href=\"http:\/\/dpbh11.de\/wp\/wp-content\/uploads\/2015\/01\/Gr\u00fcndungsfeier_2017.pdf\">gruendungsfeier_2017<\/a><\/p>\n<p>&nbsp;<\/p>\n<p>Die Gr\u00fcndungsfeier ist immer ein sch\u00f6ner Anlass nochmals das alte Jahr zu verabschieden\u00a0und sich dem neuen hinzuwenden \u2013 und gemeinsam Zeit zu verbringen. Wir freuen uns \u00fcber\u00a0eine rege Teilnahme der St\u00e4mme, aber auch der passiven \/ bzw. Altpfadfinder.<\/p>\n<p>Allzeit bereit<br \/>\ndie Bundesleitung<\/p>\n","protected":false},"excerpt":{"rendered":"<p>An alle Pfadfinder unseres Bundes, Nachdem uns die vergangene Gr\u00fcndungsfeier im gro\u00dfen Rahmen vor zwei Jahren ein paar sch\u00f6ne Stunden in der Alten Scheuer in\u00a0Degerloch beschert hat, verschl\u00e4gt es uns dieses Jahr nach Waldenbuch auf die Jungviehweide. Rundschreiben: gruendungsfeier_2017 &nbsp; Die Gr\u00fcndungsfeier ist immer ein sch\u00f6ner Anlass nochmals das alte Jahr zu verabschieden\u00a0und sich dem &hellip; <a href=\"https:\/\/dpbh11.de\/wp\/?page_id=240\" class=\"more-link\"><span class=\"screen-reader-text\">Gr\u00fcndungsfeier 2017<\/span> weiterlesen <span class=\"meta-nav\">&rarr;<\/span><\/a><\/p>\n","protected":false},"author":1,"featured_media":0,"parent":0,"menu_order":0,"comment_status":"closed","ping_status":"open","template":"","meta":{"footnotes":""},"class_list":["post-240","page","type-page","status-publish","hentry"],"_links":{"self":[{"href":"https:\/\/dpbh11.de\/wp\/index.php?rest_route=\/wp\/v2\/pages\/240","targetHints":{"allow":["GET"]}}],"collection":[{"href":"https:\/\/dpbh11.de\/wp\/index.php?rest_route=\/wp\/v2\/pages"}],"about":[{"href":"https:\/\/dpbh11.de\/wp\/index.php?rest_route=\/wp\/v2\/types\/page"}],"author":[{"embeddable":true,"href":"https:\/\/dpbh11.de\/wp\/index.php?rest_route=\/wp\/v2\/users\/1"}],"replies":[{"embeddable":true,"href":"https:\/\/dpbh11.de\/wp\/index.php?rest_route=%2Fwp%2Fv2%2Fcomments&post=240"}],"version-history":[{"count":5,"href":"https:\/\/dpbh11.de\/wp\/index.php?rest_route=\/wp\/v2\/pages\/240\/revisions"}],"predecessor-version":[{"id":326,"href":"https:\/\/dpbh11.de\/wp\/index.php?rest_route=\/wp\/v2\/pages\/240\/revisions\/326"}],"wp:attachment":[{"href":"https:\/\/dpbh11.de\/wp\/index.php?rest_route=%2Fwp%2Fv2%2Fmedia&parent=240"}],"curies":[{"name":"wp","href":"https:\/\/api.w.org\/{rel}","templated":true}]}}