{"id":26,"date":"2014-04-22T12:50:53","date_gmt":"2014-04-22T10:50:53","guid":{"rendered":"http:\/\/dpbh11.de\/wp\/?page_id=26"},"modified":"2014-05-08T16:41:19","modified_gmt":"2014-05-08T14:41:19","slug":"wo-wir-sind","status":"publish","type":"page","link":"https:\/\/dpbh11.de\/wp\/?page_id=26","title":{"rendered":"Wo wir sind"},"content":{"rendered":"<p>Anbei eine Anfahrtsskizze vom Landesamt f\u00fcr Geoinformation und Landentwicklung.<\/p>\n<p>Pfadfinderheim Hohe Eiche<br \/>\nEpplestr. 185<br \/>\n70567 Stuttgart<\/p>\n<p><em>(Mit Klick auf die Karte gelangen sie zur gr\u00f6\u00dferen Original-Datei.)<\/em><\/p>\n<p><a href=\"http:\/\/dpbh11.de\/wp\/wp-content\/uploads\/2014\/04\/karteneu1.jpg\"><img loading=\"lazy\" decoding=\"async\" class=\"alignnone wp-image-22\" src=\"http:\/\/dpbh11.de\/wp\/wp-content\/uploads\/2014\/04\/karteneu1-300x224.jpg\" alt=\"\" width=\"414\" height=\"309\" srcset=\"https:\/\/dpbh11.de\/wp\/wp-content\/uploads\/2014\/04\/karteneu1-300x224.jpg 300w, https:\/\/dpbh11.de\/wp\/wp-content\/uploads\/2014\/04\/karteneu1.jpg 918w\" sizes=\"auto, (max-width: 414px) 100vw, 414px\" \/><\/a><\/p>\n<p><a title=\"Landesamt f\u00fcr Geoinformation und Landentwicklung\" href=\"http:\/\/www.lgl-bw.de\/lgl-internet\/opencms\/de\/index.html\" target=\"_blank\"><span style=\"font-size: small;\">Quelle: Landesamt f\u00fcr Geoinformation und Landentwicklung<\/span><\/a><\/p>\n","protected":false},"excerpt":{"rendered":"<p>Anbei eine Anfahrtsskizze vom Landesamt f\u00fcr Geoinformation und Landentwicklung. Pfadfinderheim Hohe Eiche Epplestr. 185 70567 Stuttgart (Mit Klick auf die Karte gelangen sie zur gr\u00f6\u00dferen Original-Datei.) Quelle: Landesamt f\u00fcr Geoinformation und Landentwicklung<\/p>\n","protected":false},"author":1,"featured_media":0,"parent":0,"menu_order":2,"comment_status":"open","ping_status":"open","template":"","meta":{"footnotes":""},"class_list":["post-26","page","type-page","status-publish","hentry"],"_links":{"self":[{"href":"https:\/\/dpbh11.de\/wp\/index.php?rest_route=\/wp\/v2\/pages\/26","targetHints":{"allow":["GET"]}}],"collection":[{"href":"https:\/\/dpbh11.de\/wp\/index.php?rest_route=\/wp\/v2\/pages"}],"about":[{"href":"https:\/\/dpbh11.de\/wp\/index.php?rest_route=\/wp\/v2\/types\/page"}],"author":[{"embeddable":true,"href":"https:\/\/dpbh11.de\/wp\/index.php?rest_route=\/wp\/v2\/users\/1"}],"replies":[{"embeddable":true,"href":"https:\/\/dpbh11.de\/wp\/index.php?rest_route=%2Fwp%2Fv2%2Fcomments&post=26"}],"version-history":[{"count":6,"href":"https:\/\/dpbh11.de\/wp\/index.php?rest_route=\/wp\/v2\/pages\/26\/revisions"}],"predecessor-version":[{"id":124,"href":"https:\/\/dpbh11.de\/wp\/index.php?rest_route=\/wp\/v2\/pages\/26\/revisions\/124"}],"wp:attachment":[{"href":"https:\/\/dpbh11.de\/wp\/index.php?rest_route=%2Fwp%2Fv2%2Fmedia&parent=26"}],"curies":[{"name":"wp","href":"https:\/\/api.w.org\/{rel}","templated":true}]}}