{"id":29,"date":"2014-04-22T12:59:56","date_gmt":"2014-04-22T10:59:56","guid":{"rendered":"http:\/\/dpbh11.de\/wp\/?page_id=29"},"modified":"2014-04-22T18:10:00","modified_gmt":"2014-04-22T16:10:00","slug":"staemme","status":"publish","type":"page","link":"https:\/\/dpbh11.de\/wp\/?page_id=29","title":{"rendered":"St\u00e4mme"},"content":{"rendered":"<p>Unser Pfadfinderbund zeichnet sich durch seine besondere Gemeinn\u00fctzig- und F\u00f6rderungsw\u00fcrdigkeit aus.<br \/>\nPfadfinder ist man nicht nur ein, zwei Mal die Woche, Pfadfinder-Sein ist eine Lebenseinstellung. Den Kindern von heute den verantwortungsbewussten Umgang mit der Natur und Umwelt zu erm\u00f6glichen, ist nur eines von vielen Zielen unseres Bundes. Mehr zu unseren Zielen finden sie in unserem p\u00e4dagogischen Konzept.<\/p>\n<p>Der DPBH\/1911 besteht derzeit haupts\u00e4chlich aus den folgenden St\u00e4mmen:<\/p>\n<div class=\"logo\">\n<ul class=\"menu\">\n<li id=\"current\" class=\"active item2\"><a title=\"Stamm Ulrich von Hutten\" href=\"http:\/\/dpbh11.de\/wp\/?page_id=60\">Ulrich von Hutten (Degerloch)<\/a><\/li>\n<li class=\"item13\"><a title=\"Stamm Karl Albrecht\" href=\"http:\/\/dpbh11.de\/wp\/?page_id=62\">Karl Albrecht (Echterdingen)<\/a><\/li>\n<li class=\"item7\"><a title=\"Stamm Lechscouts\" href=\"http:\/\/dpbh11.de\/wp\/?page_id=64\">Lech-Scouts (Schongau)<\/a><\/li>\n<li class=\"item6\"><a title=\"Stamm John F. Kennedy\" href=\"http:\/\/dpbh11.de\/wp\/?page_id=66\">John F. Kennedy (M\u00f6hringen)<\/a><\/li>\n<\/ul>\n<p>In den Ferien finden keine Heimabende statt.<\/p>\n<\/div>\n","protected":false},"excerpt":{"rendered":"<p>Unser Pfadfinderbund zeichnet sich durch seine besondere Gemeinn\u00fctzig- und F\u00f6rderungsw\u00fcrdigkeit aus. Pfadfinder ist man nicht nur ein, zwei Mal die Woche, Pfadfinder-Sein ist eine Lebenseinstellung. Den Kindern von heute den verantwortungsbewussten Umgang mit der Natur und Umwelt zu erm\u00f6glichen, ist nur eines von vielen Zielen unseres Bundes. Mehr zu unseren Zielen finden sie in unserem &hellip; <a href=\"https:\/\/dpbh11.de\/wp\/?page_id=29\" class=\"more-link\"><span class=\"screen-reader-text\">St\u00e4mme<\/span> weiterlesen <span class=\"meta-nav\">&rarr;<\/span><\/a><\/p>\n","protected":false},"author":1,"featured_media":0,"parent":0,"menu_order":4,"comment_status":"open","ping_status":"open","template":"","meta":{"footnotes":""},"class_list":["post-29","page","type-page","status-publish","hentry"],"_links":{"self":[{"href":"https:\/\/dpbh11.de\/wp\/index.php?rest_route=\/wp\/v2\/pages\/29","targetHints":{"allow":["GET"]}}],"collection":[{"href":"https:\/\/dpbh11.de\/wp\/index.php?rest_route=\/wp\/v2\/pages"}],"about":[{"href":"https:\/\/dpbh11.de\/wp\/index.php?rest_route=\/wp\/v2\/types\/page"}],"author":[{"embeddable":true,"href":"https:\/\/dpbh11.de\/wp\/index.php?rest_route=\/wp\/v2\/users\/1"}],"replies":[{"embeddable":true,"href":"https:\/\/dpbh11.de\/wp\/index.php?rest_route=%2Fwp%2Fv2%2Fcomments&post=29"}],"version-history":[{"count":5,"href":"https:\/\/dpbh11.de\/wp\/index.php?rest_route=\/wp\/v2\/pages\/29\/revisions"}],"predecessor-version":[{"id":92,"href":"https:\/\/dpbh11.de\/wp\/index.php?rest_route=\/wp\/v2\/pages\/29\/revisions\/92"}],"wp:attachment":[{"href":"https:\/\/dpbh11.de\/wp\/index.php?rest_route=%2Fwp%2Fv2%2Fmedia&parent=29"}],"curies":[{"name":"wp","href":"https:\/\/api.w.org\/{rel}","templated":true}]}}