{"id":36,"date":"2014-04-22T13:11:46","date_gmt":"2014-04-22T11:11:46","guid":{"rendered":"http:\/\/dpbh11.de\/wp\/?page_id=36"},"modified":"2024-03-19T10:27:44","modified_gmt":"2024-03-19T08:27:44","slug":"kontakt","status":"publish","type":"page","link":"https:\/\/dpbh11.de\/wp\/?page_id=36","title":{"rendered":"Kontakt"},"content":{"rendered":"<div class=\"mx-article\">\n<p>Wichtige Email Adressen:<\/p>\n<p><span style=\"font-weight: bold;\">Homepage<\/span>: <a href=\"mailto:webmaster@dpbh11.de\">webmaster@dpbh11.de<\/a><\/p>\n<p><span style=\"font-weight: bold;\">Sommerlager: <\/span> <a href=\"mailto:sommerlager@dpbh11.de\">sommerlager@dpbh11.de<\/a><\/p>\n<p><span style=\"font-weight: bold;\">Bundesleitung<\/span><\/p>\n<table style=\"height: 256px;\" border=\"0\" width=\"800\">\n<tbody>\n<tr>\n<td width=\"5%\"><\/td>\n<td width=\"34%\">Bundesfeldmeister:<br \/>\n<strong>Katharina Lang<\/strong><\/td>\n<td width=\"72%\"><img loading=\"lazy\" decoding=\"async\" class=\"wp-image-549 alignnone\" src=\"http:\/\/dpbh11.de\/wp\/wp-content\/uploads\/2017\/05\/bfm_1.png\" alt=\"\" width=\"400\" height=\"50\" srcset=\"https:\/\/dpbh11.de\/wp\/wp-content\/uploads\/2017\/05\/bfm_1.png 400w, https:\/\/dpbh11.de\/wp\/wp-content\/uploads\/2017\/05\/bfm_1-300x38.png 300w\" sizes=\"auto, (max-width: 400px) 100vw, 400px\" \/><\/td>\n<\/tr>\n<tr>\n<td width=\"5%\"><\/td>\n<td width=\"34%\">1. stv. Bfm. Ehrengericht:<br \/>\n<strong>Gernot Lenkner<\/strong><\/td>\n<td width=\"72%\"><img loading=\"lazy\" decoding=\"async\" class=\"alignnone size-full wp-image-550\" src=\"http:\/\/dpbh11.de\/wp\/wp-content\/uploads\/2017\/05\/bfm_2.png\" alt=\"\" width=\"400\" height=\"50\" srcset=\"https:\/\/dpbh11.de\/wp\/wp-content\/uploads\/2017\/05\/bfm_2.png 400w, https:\/\/dpbh11.de\/wp\/wp-content\/uploads\/2017\/05\/bfm_2-300x38.png 300w\" sizes=\"auto, (max-width: 400px) 100vw, 400px\" \/><\/td>\n<\/tr>\n<tr>\n<td width=\"5%\"><\/td>\n<td width=\"34%\">stv. Bfm. Gesch\u00e4ftsf\u00fchrung:<br \/>\n<strong>Niels Gro\u00df<\/strong><\/td>\n<td width=\"72%\"><img loading=\"lazy\" decoding=\"async\" class=\"alignnone size-full wp-image-551\" src=\"http:\/\/dpbh11.de\/wp\/wp-content\/uploads\/2017\/05\/bfm_3.png\" alt=\"\" width=\"400\" height=\"50\" srcset=\"https:\/\/dpbh11.de\/wp\/wp-content\/uploads\/2017\/05\/bfm_3.png 400w, https:\/\/dpbh11.de\/wp\/wp-content\/uploads\/2017\/05\/bfm_3-300x38.png 300w\" sizes=\"auto, (max-width: 400px) 100vw, 400px\" \/><\/td>\n<\/tr>\n<tr>\n<td width=\"5%\"><\/td>\n<td width=\"34%\">stv. Bfm. Finanzen:<br \/>\n<strong>Markus Oliveira<\/strong><\/td>\n<td width=\"72%\"><img loading=\"lazy\" decoding=\"async\" class=\"alignnone size-full wp-image-552\" src=\"http:\/\/dpbh11.de\/wp\/wp-content\/uploads\/2017\/05\/bfm_4.png\" alt=\"\" width=\"400\" height=\"50\" srcset=\"https:\/\/dpbh11.de\/wp\/wp-content\/uploads\/2017\/05\/bfm_4.png 400w, https:\/\/dpbh11.de\/wp\/wp-content\/uploads\/2017\/05\/bfm_4-300x38.png 300w\" sizes=\"auto, (max-width: 400px) 100vw, 400px\" \/><\/td>\n<\/tr>\n<tr>\n<td width=\"5%\"><\/td>\n<td width=\"34%\">stv. Bfm. PR &amp; Chronik:<br \/>\n<strong>Eric Doron<\/strong><\/td>\n<td width=\"72%\"><img loading=\"lazy\" decoding=\"async\" class=\"alignnone size-full wp-image-553\" src=\"http:\/\/dpbh11.de\/wp\/wp-content\/uploads\/2017\/05\/bfm_5.png\" alt=\"\" width=\"400\" height=\"50\" srcset=\"https:\/\/dpbh11.de\/wp\/wp-content\/uploads\/2017\/05\/bfm_5.png 400w, https:\/\/dpbh11.de\/wp\/wp-content\/uploads\/2017\/05\/bfm_5-300x38.png 300w\" sizes=\"auto, (max-width: 400px) 100vw, 400px\" \/><\/td>\n<\/tr>\n<\/tbody>\n<\/table>\n<p><span style=\"font-weight: bold;\"><br \/>\n<span style=\"font-weight: bold;\">St\u00e4mme<\/span><\/span><\/p>\n<p>Siehe direkt auf den Seiten der St\u00e4mme.<\/p>\n<\/div>\n","protected":false},"excerpt":{"rendered":"<p>Wichtige Email Adressen: Homepage: webmaster@dpbh11.de Sommerlager: sommerlager@dpbh11.de Bundesleitung Bundesfeldmeister: Katharina Lang 1. stv. Bfm. Ehrengericht: Gernot Lenkner stv. Bfm. Gesch\u00e4ftsf\u00fchrung: Niels Gro\u00df stv. Bfm. Finanzen: Markus Oliveira stv. Bfm. PR &amp; Chronik: Eric Doron St\u00e4mme Siehe direkt auf den Seiten der St\u00e4mme.<\/p>\n","protected":false},"author":1,"featured_media":0,"parent":0,"menu_order":5,"comment_status":"open","ping_status":"open","template":"","meta":{"footnotes":""},"class_list":["post-36","page","type-page","status-publish","hentry"],"_links":{"self":[{"href":"https:\/\/dpbh11.de\/wp\/index.php?rest_route=\/wp\/v2\/pages\/36","targetHints":{"allow":["GET"]}}],"collection":[{"href":"https:\/\/dpbh11.de\/wp\/index.php?rest_route=\/wp\/v2\/pages"}],"about":[{"href":"https:\/\/dpbh11.de\/wp\/index.php?rest_route=\/wp\/v2\/types\/page"}],"author":[{"embeddable":true,"href":"https:\/\/dpbh11.de\/wp\/index.php?rest_route=\/wp\/v2\/users\/1"}],"replies":[{"embeddable":true,"href":"https:\/\/dpbh11.de\/wp\/index.php?rest_route=%2Fwp%2Fv2%2Fcomments&post=36"}],"version-history":[{"count":8,"href":"https:\/\/dpbh11.de\/wp\/index.php?rest_route=\/wp\/v2\/pages\/36\/revisions"}],"predecessor-version":[{"id":1082,"href":"https:\/\/dpbh11.de\/wp\/index.php?rest_route=\/wp\/v2\/pages\/36\/revisions\/1082"}],"wp:attachment":[{"href":"https:\/\/dpbh11.de\/wp\/index.php?rest_route=%2Fwp%2Fv2%2Fmedia&parent=36"}],"curies":[{"name":"wp","href":"https:\/\/api.w.org\/{rel}","templated":true}]}}