{"id":455,"date":"2016-07-27T23:19:03","date_gmt":"2016-07-27T21:19:03","guid":{"rendered":"http:\/\/dpbh11.de\/wp\/?page_id=455"},"modified":"2024-01-03T14:10:01","modified_gmt":"2024-01-03T12:10:01","slug":"satzung","status":"publish","type":"page","link":"https:\/\/dpbh11.de\/wp\/?page_id=455","title":{"rendered":"Satzung"},"content":{"rendered":"<p>Anbei findest du die aktuelle Version unserer Satzung. Im M\u00e4rz 2016 wurde auf dem Bundesthing von den Delegierten eine \u00c4nderung der Bundesordnung beschlossen. Die letzte \u00c4nderung erfolgte im April 2022.<\/p>\n\n\n<div data-wp-interactive=\"core\/file\" class=\"wp-block-file\"><object data-wp-bind--hidden=\"!state.hasPdfPreview\" hidden class=\"wp-block-file__embed\" data=\"https:\/\/dpbh11.de\/wp\/wp-content\/uploads\/2024\/01\/Deutscher-Pfadfinder-Satzung.pdf\" type=\"application\/pdf\" style=\"width:100%;height:600px\" aria-label=\"Einbettung von Deutscher-Pfadfinder-Satzung.\"><\/object><a id=\"wp-block-file--media-328a71dd-7fd8-4350-917c-ac04abf1ad1e\" href=\"https:\/\/dpbh11.de\/wp\/wp-content\/uploads\/2024\/01\/Deutscher-Pfadfinder-Satzung.pdf\">Deutscher-Pfadfinder-Satzung<\/a><a href=\"https:\/\/dpbh11.de\/wp\/wp-content\/uploads\/2024\/01\/Deutscher-Pfadfinder-Satzung.pdf\" class=\"wp-block-file__button wp-element-button\" download aria-describedby=\"wp-block-file--media-328a71dd-7fd8-4350-917c-ac04abf1ad1e\">Herunterladen<\/a><\/div>\n\n\n\n<p>Hier findest du unsere Social-Media-Guideline, die 2022 verfasst und auf der Leitertagung im November 2022 best\u00e4tigt wurde. <\/p>\n\n\n\n<div data-wp-interactive=\"core\/file\" class=\"wp-block-file\"><object data-wp-bind--hidden=\"!state.hasPdfPreview\" hidden class=\"wp-block-file__embed\" data=\"https:\/\/dpbh11.de\/wp\/wp-content\/uploads\/2024\/01\/DPBH-SocialMediaGuideline.pdf\" type=\"application\/pdf\" style=\"width:100%;height:600px\" aria-label=\"Einbettung von DPBH-SocialMediaGuideline.\"><\/object><a id=\"wp-block-file--media-b3b5a484-fa06-4121-b359-d577845d6320\" href=\"https:\/\/dpbh11.de\/wp\/wp-content\/uploads\/2024\/01\/DPBH-SocialMediaGuideline.pdf\">DPBH-SocialMediaGuideline<\/a><a href=\"https:\/\/dpbh11.de\/wp\/wp-content\/uploads\/2024\/01\/DPBH-SocialMediaGuideline.pdf\" class=\"wp-block-file__button wp-element-button\" download aria-describedby=\"wp-block-file--media-b3b5a484-fa06-4121-b359-d577845d6320\">Herunterladen<\/a><\/div>\n","protected":false},"excerpt":{"rendered":"<p>Anbei findest du die aktuelle Version unserer Satzung. Im M\u00e4rz 2016 wurde auf dem Bundesthing von den Delegierten eine \u00c4nderung der Bundesordnung beschlossen. Die letzte \u00c4nderung erfolgte im April 2022. Hier findest du unsere Social-Media-Guideline, die 2022 verfasst und auf der Leitertagung im November 2022 best\u00e4tigt wurde.<\/p>\n","protected":false},"author":1,"featured_media":0,"parent":0,"menu_order":0,"comment_status":"closed","ping_status":"closed","template":"","meta":{"footnotes":""},"class_list":["post-455","page","type-page","status-publish","hentry"],"_links":{"self":[{"href":"https:\/\/dpbh11.de\/wp\/index.php?rest_route=\/wp\/v2\/pages\/455","targetHints":{"allow":["GET"]}}],"collection":[{"href":"https:\/\/dpbh11.de\/wp\/index.php?rest_route=\/wp\/v2\/pages"}],"about":[{"href":"https:\/\/dpbh11.de\/wp\/index.php?rest_route=\/wp\/v2\/types\/page"}],"author":[{"embeddable":true,"href":"https:\/\/dpbh11.de\/wp\/index.php?rest_route=\/wp\/v2\/users\/1"}],"replies":[{"embeddable":true,"href":"https:\/\/dpbh11.de\/wp\/index.php?rest_route=%2Fwp%2Fv2%2Fcomments&post=455"}],"version-history":[{"count":8,"href":"https:\/\/dpbh11.de\/wp\/index.php?rest_route=\/wp\/v2\/pages\/455\/revisions"}],"predecessor-version":[{"id":1050,"href":"https:\/\/dpbh11.de\/wp\/index.php?rest_route=\/wp\/v2\/pages\/455\/revisions\/1050"}],"wp:attachment":[{"href":"https:\/\/dpbh11.de\/wp\/index.php?rest_route=%2Fwp%2Fv2%2Fmedia&parent=455"}],"curies":[{"name":"wp","href":"https:\/\/api.w.org\/{rel}","templated":true}]}}