{"id":60,"date":"2014-04-22T16:33:02","date_gmt":"2014-04-22T14:33:02","guid":{"rendered":"http:\/\/dpbh11.de\/wp\/?page_id=60"},"modified":"2026-02-02T22:58:32","modified_gmt":"2026-02-02T20:58:32","slug":"stamm-ulrich-von-hutten","status":"publish","type":"page","link":"https:\/\/dpbh11.de\/wp\/?page_id=60","title":{"rendered":"Stamm Ulrich von Hutten"},"content":{"rendered":"<p>Der Stamm Ulrich von Hutten ist in Stuttgart-Degerloch t\u00e4tig.<\/p>\n<p><strong>Stammf\u00fchrer: <a href=\"moritz.berkemer@t-online.de\">Moritz Berkemer<\/a><\/strong><\/p>\n<p><strong>Stlv. Stammesf\u00fchrer: Berenike Dressel<\/strong><\/p>\n<p><strong> Heimabend:<\/strong><br \/>jeden Donnerstag von 17:00 bis 19:00 Uhr.<br \/><em>(in den Ferien ist kein Heimabend)<\/em><\/p>\n<p><strong>Ort:<\/strong><br \/>Pfadfinderheim Hohe Eiche<br \/>Epplestr. 185<br \/>70567 Stuttgart<\/p>\n<p><strong>Homepage:<\/strong><br \/><a href=\"http:\/\/www.stamm-uvh.de\/\" rel=\"noreferrer\" data-ss1581669459=\"1\" data-ss1581669491=\"1\">www.stamm-uvh.de<\/a><\/p>\n<p><strong>Facebook<\/strong><\/p>\n<p><a href=\"https:\/\/www.facebook.com\/StammU.v.H\">https:\/\/www.facebook.com\/StammU.v.H<\/a><\/p>\n\n\n<p><\/p>\n","protected":false},"excerpt":{"rendered":"<p>Der Stamm Ulrich von Hutten ist in Stuttgart-Degerloch t\u00e4tig. Stammf\u00fchrer: Moritz Berkemer Stlv. Stammesf\u00fchrer: Berenike Dressel Heimabend:jeden Donnerstag von 17:00 bis 19:00 Uhr.(in den Ferien ist kein Heimabend) Ort:Pfadfinderheim Hohe EicheEpplestr. 18570567 Stuttgart Homepage:www.stamm-uvh.de Facebook https:\/\/www.facebook.com\/StammU.v.H<\/p>\n","protected":false},"author":1,"featured_media":0,"parent":29,"menu_order":1,"comment_status":"open","ping_status":"open","template":"","meta":{"footnotes":""},"class_list":["post-60","page","type-page","status-publish","hentry"],"_links":{"self":[{"href":"https:\/\/dpbh11.de\/wp\/index.php?rest_route=\/wp\/v2\/pages\/60","targetHints":{"allow":["GET"]}}],"collection":[{"href":"https:\/\/dpbh11.de\/wp\/index.php?rest_route=\/wp\/v2\/pages"}],"about":[{"href":"https:\/\/dpbh11.de\/wp\/index.php?rest_route=\/wp\/v2\/types\/page"}],"author":[{"embeddable":true,"href":"https:\/\/dpbh11.de\/wp\/index.php?rest_route=\/wp\/v2\/users\/1"}],"replies":[{"embeddable":true,"href":"https:\/\/dpbh11.de\/wp\/index.php?rest_route=%2Fwp%2Fv2%2Fcomments&post=60"}],"version-history":[{"count":16,"href":"https:\/\/dpbh11.de\/wp\/index.php?rest_route=\/wp\/v2\/pages\/60\/revisions"}],"predecessor-version":[{"id":1196,"href":"https:\/\/dpbh11.de\/wp\/index.php?rest_route=\/wp\/v2\/pages\/60\/revisions\/1196"}],"up":[{"embeddable":true,"href":"https:\/\/dpbh11.de\/wp\/index.php?rest_route=\/wp\/v2\/pages\/29"}],"wp:attachment":[{"href":"https:\/\/dpbh11.de\/wp\/index.php?rest_route=%2Fwp%2Fv2%2Fmedia&parent=60"}],"curies":[{"name":"wp","href":"https:\/\/api.w.org\/{rel}","templated":true}]}}