{"id":62,"date":"2014-04-22T16:34:48","date_gmt":"2014-04-22T14:34:48","guid":{"rendered":"http:\/\/dpbh11.de\/wp\/?page_id=62"},"modified":"2024-03-20T14:54:27","modified_gmt":"2024-03-20T12:54:27","slug":"stamm-karl-albrecht","status":"publish","type":"page","link":"https:\/\/dpbh11.de\/wp\/?page_id=62","title":{"rendered":"Stamm Karl Albrecht"},"content":{"rendered":"\n<p>Der Stamm Karl Albrecht ist in Leinfelden-Echterdingen, Aichtal und Filderstadt t\u00e4tig.<\/p>\n\n\n\n<p><strong>Stammf\u00fchrerin:<\/strong> <a href=\"mailto:ni.lutz@web.de\"><strong>Nina Lutz<\/strong><\/a><\/p>\n\n\n\n<p><br><strong>Stlv. Stammesf\u00fchrer:<\/strong> <a href=\"sven_kimmich@yahoo.de\"><strong>Sven Kimmich<\/strong><\/a><\/p>\n\n\n\n<p><strong>Heimabend:<br><\/strong>Jeden Donnerstag 17:30 \u2013 19:00 <em>(in den Ferien ist kein Heimabend)<\/em><\/p>\n\n\n\n<p><strong>Ort:<\/strong><br>Pumphaus zwischen Echterdingen und Fasanenhof, direkt neben dem Echterdinger Ei. (Anfahrt von Echterdingen Richtung Aussiedlerh\u00f6fe, eine Anfahrtsbeschreibung finden Sie auf der Homepage des Stammes Karl Albrecht)<\/p>\n\n\n\n<p><\/p>\n","protected":false},"excerpt":{"rendered":"<p>Der Stamm Karl Albrecht ist in Leinfelden-Echterdingen, Aichtal und Filderstadt t\u00e4tig. Stammf\u00fchrerin: Nina Lutz Stlv. Stammesf\u00fchrer: Sven Kimmich Heimabend:Jeden Donnerstag 17:30 \u2013 19:00 (in den Ferien ist kein Heimabend) Ort:Pumphaus zwischen Echterdingen und Fasanenhof, direkt neben dem Echterdinger Ei. (Anfahrt von Echterdingen Richtung Aussiedlerh\u00f6fe, eine Anfahrtsbeschreibung finden Sie auf der Homepage des Stammes Karl Albrecht)<\/p>\n","protected":false},"author":1,"featured_media":0,"parent":29,"menu_order":2,"comment_status":"open","ping_status":"open","template":"","meta":{"footnotes":""},"class_list":["post-62","page","type-page","status-publish","hentry"],"_links":{"self":[{"href":"https:\/\/dpbh11.de\/wp\/index.php?rest_route=\/wp\/v2\/pages\/62","targetHints":{"allow":["GET"]}}],"collection":[{"href":"https:\/\/dpbh11.de\/wp\/index.php?rest_route=\/wp\/v2\/pages"}],"about":[{"href":"https:\/\/dpbh11.de\/wp\/index.php?rest_route=\/wp\/v2\/types\/page"}],"author":[{"embeddable":true,"href":"https:\/\/dpbh11.de\/wp\/index.php?rest_route=\/wp\/v2\/users\/1"}],"replies":[{"embeddable":true,"href":"https:\/\/dpbh11.de\/wp\/index.php?rest_route=%2Fwp%2Fv2%2Fcomments&post=62"}],"version-history":[{"count":12,"href":"https:\/\/dpbh11.de\/wp\/index.php?rest_route=\/wp\/v2\/pages\/62\/revisions"}],"predecessor-version":[{"id":1083,"href":"https:\/\/dpbh11.de\/wp\/index.php?rest_route=\/wp\/v2\/pages\/62\/revisions\/1083"}],"up":[{"embeddable":true,"href":"https:\/\/dpbh11.de\/wp\/index.php?rest_route=\/wp\/v2\/pages\/29"}],"wp:attachment":[{"href":"https:\/\/dpbh11.de\/wp\/index.php?rest_route=%2Fwp%2Fv2%2Fmedia&parent=62"}],"curies":[{"name":"wp","href":"https:\/\/api.w.org\/{rel}","templated":true}]}}