{"id":636,"date":"2018-07-12T13:36:21","date_gmt":"2018-07-12T11:36:21","guid":{"rendered":"https:\/\/dpbh11.de\/wp\/?page_id=636"},"modified":"2024-08-30T15:56:53","modified_gmt":"2024-08-30T13:56:53","slug":"bundesruestkammer","status":"publish","type":"page","link":"https:\/\/dpbh11.de\/wp\/?page_id=636","title":{"rendered":"Bundesr\u00fcstkammer"},"content":{"rendered":"<p>\u00dcber unsere Bundesr\u00fcstkammer k\u00f6nnen sich unsere Mitglieder mit allem was das Pfadfinderherz h\u00f6her schlagen l\u00e4sst eindecken (Kluft, Abzeichen,&#8230;).<\/p>\n<p>Kontakt: <a href=\"jannehess@gmail.com\">Janne Hess\u00a0<\/a><\/p>\n<p>Sobald die neue Homepage online ist wird sie hier zu erreichen sein.<\/p>\n\n\n<p><\/p>\n","protected":false},"excerpt":{"rendered":"<p>\u00dcber unsere Bundesr\u00fcstkammer k\u00f6nnen sich unsere Mitglieder mit allem was das Pfadfinderherz h\u00f6her schlagen l\u00e4sst eindecken (Kluft, Abzeichen,&#8230;). Kontakt: Janne Hess\u00a0 Sobald die neue Homepage online ist wird sie hier zu erreichen sein.<\/p>\n","protected":false},"author":1,"featured_media":0,"parent":36,"menu_order":0,"comment_status":"closed","ping_status":"closed","template":"","meta":{"footnotes":""},"class_list":["post-636","page","type-page","status-publish","hentry"],"_links":{"self":[{"href":"https:\/\/dpbh11.de\/wp\/index.php?rest_route=\/wp\/v2\/pages\/636","targetHints":{"allow":["GET"]}}],"collection":[{"href":"https:\/\/dpbh11.de\/wp\/index.php?rest_route=\/wp\/v2\/pages"}],"about":[{"href":"https:\/\/dpbh11.de\/wp\/index.php?rest_route=\/wp\/v2\/types\/page"}],"author":[{"embeddable":true,"href":"https:\/\/dpbh11.de\/wp\/index.php?rest_route=\/wp\/v2\/users\/1"}],"replies":[{"embeddable":true,"href":"https:\/\/dpbh11.de\/wp\/index.php?rest_route=%2Fwp%2Fv2%2Fcomments&post=636"}],"version-history":[{"count":2,"href":"https:\/\/dpbh11.de\/wp\/index.php?rest_route=\/wp\/v2\/pages\/636\/revisions"}],"predecessor-version":[{"id":1088,"href":"https:\/\/dpbh11.de\/wp\/index.php?rest_route=\/wp\/v2\/pages\/636\/revisions\/1088"}],"up":[{"embeddable":true,"href":"https:\/\/dpbh11.de\/wp\/index.php?rest_route=\/wp\/v2\/pages\/36"}],"wp:attachment":[{"href":"https:\/\/dpbh11.de\/wp\/index.php?rest_route=%2Fwp%2Fv2%2Fmedia&parent=636"}],"curies":[{"name":"wp","href":"https:\/\/api.w.org\/{rel}","templated":true}]}}