{"id":64,"date":"2014-04-22T16:36:31","date_gmt":"2014-04-22T14:36:31","guid":{"rendered":"http:\/\/dpbh11.de\/wp\/?page_id=64"},"modified":"2026-02-02T23:00:29","modified_gmt":"2026-02-02T21:00:29","slug":"stamm-lechscouts","status":"publish","type":"page","link":"https:\/\/dpbh11.de\/wp\/?page_id=64","title":{"rendered":"Stamm Lechscouts"},"content":{"rendered":"<p>Der Stamm Lech-Scouts ist in Schongau am Lech in Bayern t\u00e4tig.<\/p>\n<p><strong>Stammf\u00fchrer: <span style=\"color: #993300;\"><a style=\"color: #993300;\" href=\"Thomas.Bayer@kabelsurfer.de\">Thomas Bayer<\/a><\/span><\/strong><\/p>\n<p><strong>stv. StaF\u00fc: <span style=\"color: #993300;\"><a style=\"color: #993300;\" href=\"lang.kathy@web.de\">Katharina Lang<\/a><\/span><\/strong><\/p>\n<p><strong>Heimabend:<\/strong><br \/>jeden Freitag von 15:00 Uhr &#8211; 17:00 Uhr<br \/><em>(in den Ferien findet kein Heimabend statt)<\/em><\/p>\n<p><strong>Ort:<\/strong><br \/>Pfadfinderheim<br \/>K\u00f6hlerstadl<br \/>86956 Schongau<\/p>\n<p><strong>Homepage:<\/strong><br \/><span style=\"font-family: Calibri;\"><a href=\"https:\/\/ls.dpbh11.de\/\" target=\"_blank\" rel=\"noopener noreferrer\">www.lechscouts.de\/<\/a><\/span><\/p>\n\n\n<p><\/p>\n","protected":false},"excerpt":{"rendered":"<p>Der Stamm Lech-Scouts ist in Schongau am Lech in Bayern t\u00e4tig. Stammf\u00fchrer: Thomas Bayer stv. StaF\u00fc: Katharina Lang Heimabend:jeden Freitag von 15:00 Uhr &#8211; 17:00 Uhr(in den Ferien findet kein Heimabend statt) Ort:PfadfinderheimK\u00f6hlerstadl86956 Schongau Homepage:www.lechscouts.de\/<\/p>\n","protected":false},"author":1,"featured_media":0,"parent":29,"menu_order":3,"comment_status":"open","ping_status":"open","template":"","meta":{"footnotes":""},"class_list":["post-64","page","type-page","status-publish","hentry"],"_links":{"self":[{"href":"https:\/\/dpbh11.de\/wp\/index.php?rest_route=\/wp\/v2\/pages\/64","targetHints":{"allow":["GET"]}}],"collection":[{"href":"https:\/\/dpbh11.de\/wp\/index.php?rest_route=\/wp\/v2\/pages"}],"about":[{"href":"https:\/\/dpbh11.de\/wp\/index.php?rest_route=\/wp\/v2\/types\/page"}],"author":[{"embeddable":true,"href":"https:\/\/dpbh11.de\/wp\/index.php?rest_route=\/wp\/v2\/users\/1"}],"replies":[{"embeddable":true,"href":"https:\/\/dpbh11.de\/wp\/index.php?rest_route=%2Fwp%2Fv2%2Fcomments&post=64"}],"version-history":[{"count":8,"href":"https:\/\/dpbh11.de\/wp\/index.php?rest_route=\/wp\/v2\/pages\/64\/revisions"}],"predecessor-version":[{"id":1197,"href":"https:\/\/dpbh11.de\/wp\/index.php?rest_route=\/wp\/v2\/pages\/64\/revisions\/1197"}],"up":[{"embeddable":true,"href":"https:\/\/dpbh11.de\/wp\/index.php?rest_route=\/wp\/v2\/pages\/29"}],"wp:attachment":[{"href":"https:\/\/dpbh11.de\/wp\/index.php?rest_route=%2Fwp%2Fv2%2Fmedia&parent=64"}],"curies":[{"name":"wp","href":"https:\/\/api.w.org\/{rel}","templated":true}]}}