{"id":66,"date":"2014-04-22T16:37:43","date_gmt":"2014-04-22T14:37:43","guid":{"rendered":"http:\/\/dpbh11.de\/wp\/?page_id=66"},"modified":"2025-02-05T16:21:05","modified_gmt":"2025-02-05T14:21:05","slug":"stamm-john-f-kennedy","status":"publish","type":"page","link":"https:\/\/dpbh11.de\/wp\/?page_id=66","title":{"rendered":"Stamm John F. Kennedy"},"content":{"rendered":"<p>Der Stamm John F. Kennedy ist in Stuttgart M\u00f6hringen (und Umgebung) t\u00e4tig.<\/p>\n<p><strong>Stammf\u00fchrer: <a href=\"moritz.berkemer@t-online.de\">Moritz Berkemer\u00a0<\/a><\/strong><\/p>\n<p><strong>stv. StaF\u00fc: \u00a0<a href=\"maximilian@enzig.de\">Maximilian Enzig<\/a><\/strong><\/p>\n<p><strong>Heimabend:<\/strong><br \/>\njeden Donnerstag von 17:00 \u2013 19:00 <em>(in den Ferien ist kein Heimabend)<\/em><\/p>\n<p><strong>Ort:<\/strong><br \/>\nPfadfinderheim Hohe Eiche<br \/>\nEpplestr. 185<br \/>\n70567 Stuttgart<\/p>\n<p><strong>Facebook:\u00a0<a href=\"https:\/\/www.facebook.com\/profile.php?id=61565560432606\">Stamm JFK Facebook<\/a><\/strong><\/p>\n<p><strong>Instagram:\u00a0<a href=\"https:\/\/www.instagram.com\/stamm_jfk?fbclid=IwY2xjawIQUq9leHRuA2FlbQIxMAABHccFx5jUOBboU5Tp9qZX93zZ-IN2jNvbB44UxujuLh_q7efNy8bm5xgA_w_aem_OVicfQ7nv7y8qjqcJabOjg\">Stamm JFK Instagram<\/a><\/strong><\/p>\n","protected":false},"excerpt":{"rendered":"<p>Der Stamm John F. Kennedy ist in Stuttgart M\u00f6hringen (und Umgebung) t\u00e4tig. Stammf\u00fchrer: Moritz Berkemer\u00a0 stv. StaF\u00fc: \u00a0Maximilian Enzig Heimabend: jeden Donnerstag von 17:00 \u2013 19:00 (in den Ferien ist kein Heimabend) Ort: Pfadfinderheim Hohe Eiche Epplestr. 185 70567 Stuttgart Facebook:\u00a0Stamm JFK Facebook Instagram:\u00a0Stamm JFK Instagram<\/p>\n","protected":false},"author":1,"featured_media":0,"parent":29,"menu_order":4,"comment_status":"open","ping_status":"open","template":"","meta":{"footnotes":""},"class_list":["post-66","page","type-page","status-publish","hentry"],"_links":{"self":[{"href":"https:\/\/dpbh11.de\/wp\/index.php?rest_route=\/wp\/v2\/pages\/66","targetHints":{"allow":["GET"]}}],"collection":[{"href":"https:\/\/dpbh11.de\/wp\/index.php?rest_route=\/wp\/v2\/pages"}],"about":[{"href":"https:\/\/dpbh11.de\/wp\/index.php?rest_route=\/wp\/v2\/types\/page"}],"author":[{"embeddable":true,"href":"https:\/\/dpbh11.de\/wp\/index.php?rest_route=\/wp\/v2\/users\/1"}],"replies":[{"embeddable":true,"href":"https:\/\/dpbh11.de\/wp\/index.php?rest_route=%2Fwp%2Fv2%2Fcomments&post=66"}],"version-history":[{"count":8,"href":"https:\/\/dpbh11.de\/wp\/index.php?rest_route=\/wp\/v2\/pages\/66\/revisions"}],"predecessor-version":[{"id":1141,"href":"https:\/\/dpbh11.de\/wp\/index.php?rest_route=\/wp\/v2\/pages\/66\/revisions\/1141"}],"up":[{"embeddable":true,"href":"https:\/\/dpbh11.de\/wp\/index.php?rest_route=\/wp\/v2\/pages\/29"}],"wp:attachment":[{"href":"https:\/\/dpbh11.de\/wp\/index.php?rest_route=%2Fwp%2Fv2%2Fmedia&parent=66"}],"curies":[{"name":"wp","href":"https:\/\/api.w.org\/{rel}","templated":true}]}}