{"id":84,"date":"2014-04-22T17:00:34","date_gmt":"2014-04-22T15:00:34","guid":{"rendered":"http:\/\/dpbh11.de\/wp\/?page_id=84"},"modified":"2026-04-26T18:21:22","modified_gmt":"2026-04-26T16:21:22","slug":"termine","status":"publish","type":"page","link":"https:\/\/dpbh11.de\/wp\/?page_id=84","title":{"rendered":"Termine"},"content":{"rendered":"<p>Neben den jeweiligen Stammeslagern stehen<strong> 2026<\/strong> dar\u00fcber hinaus folgende Aktivit\u00e4ten an:<\/p>\n<ul>\n<li><del>Samstag, 31.Januar: <strong>Gr\u00fcndungsfeier<\/strong> (S-Plieningen)<\/del><\/li>\n<li><del>Sonntag, 08. M\u00e4rz: <strong>Fr\u00fchjahrsputz<\/strong> (Hohe Eiche)<\/del><\/li>\n<li><del>Samstag, 14.M\u00e4rz: <strong>Bundesthing<\/strong> (Hohe Eiche)<\/del><\/li>\n<li>Samstag, 27.Juni: <strong>Feueraufbau<\/strong> (Hohe Eiche)<\/li>\n<li>Samstag, 04.Juli: <strong>Hocketse<\/strong> (Hohe Eiche)<\/li>\n<li>16.(Freitag) &#8211; 18. Oktober (Sonntag): <strong>Krautfest<\/strong> (Leinfelden-Echterdingen)<\/li>\n<li>13. (Freitag) &#8211; 15.November (Sonntag): <strong>Leitertagung\u00a0<\/strong><\/li>\n<\/ul>\n<p>&nbsp;<\/p>\n<p>&nbsp;<\/p>\n\n\n<figure class=\"wp-block-image size-large\"><a href=\"https:\/\/dpbh11.de\/wp\/wp-content\/uploads\/2026\/04\/588460094_18086391365288634_4107719771812991176_n.jpg\"><img loading=\"lazy\" decoding=\"async\" width=\"768\" height=\"1024\" src=\"https:\/\/dpbh11.de\/wp\/wp-content\/uploads\/2026\/04\/588460094_18086391365288634_4107719771812991176_n-768x1024.jpg\" alt=\"\" class=\"wp-image-1244\" srcset=\"https:\/\/dpbh11.de\/wp\/wp-content\/uploads\/2026\/04\/588460094_18086391365288634_4107719771812991176_n-768x1025.jpg 768w, https:\/\/dpbh11.de\/wp\/wp-content\/uploads\/2026\/04\/588460094_18086391365288634_4107719771812991176_n-225x300.jpg 225w, https:\/\/dpbh11.de\/wp\/wp-content\/uploads\/2026\/04\/588460094_18086391365288634_4107719771812991176_n-1151x1536.jpg 1151w, https:\/\/dpbh11.de\/wp\/wp-content\/uploads\/2026\/04\/588460094_18086391365288634_4107719771812991176_n.jpg 1440w\" sizes=\"auto, (max-width: 768px) 100vw, 768px\" \/><\/a><\/figure>\n\n\n\n<p><\/p>\n","protected":false},"excerpt":{"rendered":"<p>Neben den jeweiligen Stammeslagern stehen 2026 dar\u00fcber hinaus folgende Aktivit\u00e4ten an: Samstag, 31.Januar: Gr\u00fcndungsfeier (S-Plieningen) Sonntag, 08. M\u00e4rz: Fr\u00fchjahrsputz (Hohe Eiche) Samstag, 14.M\u00e4rz: Bundesthing (Hohe Eiche) Samstag, 27.Juni: Feueraufbau (Hohe Eiche) Samstag, 04.Juli: Hocketse (Hohe Eiche) 16.(Freitag) &#8211; 18. Oktober (Sonntag): Krautfest (Leinfelden-Echterdingen) 13. (Freitag) &#8211; 15.November (Sonntag): Leitertagung\u00a0 &nbsp; &nbsp;<\/p>\n","protected":false},"author":1,"featured_media":0,"parent":0,"menu_order":0,"comment_status":"open","ping_status":"open","template":"","meta":{"footnotes":""},"class_list":["post-84","page","type-page","status-publish","hentry"],"_links":{"self":[{"href":"https:\/\/dpbh11.de\/wp\/index.php?rest_route=\/wp\/v2\/pages\/84","targetHints":{"allow":["GET"]}}],"collection":[{"href":"https:\/\/dpbh11.de\/wp\/index.php?rest_route=\/wp\/v2\/pages"}],"about":[{"href":"https:\/\/dpbh11.de\/wp\/index.php?rest_route=\/wp\/v2\/types\/page"}],"author":[{"embeddable":true,"href":"https:\/\/dpbh11.de\/wp\/index.php?rest_route=\/wp\/v2\/users\/1"}],"replies":[{"embeddable":true,"href":"https:\/\/dpbh11.de\/wp\/index.php?rest_route=%2Fwp%2Fv2%2Fcomments&post=84"}],"version-history":[{"count":37,"href":"https:\/\/dpbh11.de\/wp\/index.php?rest_route=\/wp\/v2\/pages\/84\/revisions"}],"predecessor-version":[{"id":1245,"href":"https:\/\/dpbh11.de\/wp\/index.php?rest_route=\/wp\/v2\/pages\/84\/revisions\/1245"}],"wp:attachment":[{"href":"https:\/\/dpbh11.de\/wp\/index.php?rest_route=%2Fwp%2Fv2%2Fmedia&parent=84"}],"curies":[{"name":"wp","href":"https:\/\/api.w.org\/{rel}","templated":true}]}}